{"id":1130,"date":"2025-05-30T13:52:53","date_gmt":"2025-05-30T10:52:53","guid":{"rendered":"https:\/\/agentia.md\/?page_id=1130"},"modified":"2025-05-30T13:52:54","modified_gmt":"2025-05-30T10:52:54","slug":"politika-konfidenczialnosti-i-cookies","status":"publish","type":"page","link":"https:\/\/agentia.md\/ru\/politika-konfidenczialnosti-i-cookies\/","title":{"rendered":"\u041f\u043e\u043b\u0438\u0442\u0438\u043a\u0430 \u043a\u043e\u043d\u0444\u0438\u0434\u0435\u043d\u0446\u0438\u0430\u043b\u044c\u043d\u043e\u0441\u0442\u0438 \u0438 cookies"},"content":{"rendered":"\n<h4 class=\"wp-block-heading\">Preambul<\/h4>\n\n\n\n<p>Prezenta Politic\u0103 de confiden\u021bialitate vizeaz\u0103 clien\u021bii&nbsp;<a href=\"https:\/\/web.archive.org\/web\/20250122233222\/https:\/\/agentia.md\/\">www.agentia.md<\/a>, adic\u0103 utilizatorii \u0219i vizitatorii serviciilor noastre online. Prevederile prezentei Politici se vor interpreta \u00eempreuna cu dispozi\u021biile men\u021bionate \u00een Termeni \u0219i Condi\u021bii, disponibile pe website-ul&nbsp;<a href=\"https:\/\/web.archive.org\/web\/20250122233222\/https:\/\/agentia.md\/\">www.agentia.md<\/a>.&nbsp;<a href=\"https:\/\/web.archive.org\/web\/20250122233222\/https:\/\/agentia.md\/\">www.agentia.md<\/a>&nbsp;recunoa\u0219te importan\u021ba men\u021binerii confiden\u021bialit\u0103\u021bii informa\u021biilor personale si depune eforturi pentru a asigura protec\u021bia confiden\u021bialit\u0103\u021bii datelor dumneavoastr\u0103 personale atunci c\u00e2nd utiliza\u021bi serviciile noastre. \u00cen acest sens avem o politic\u0103 at\u00e2t despre modul de procesare a datelor dumneavoastr\u0103 cu caracter personal c\u00e2t \u0219i despre protejarea acestor date.<\/p>\n\n\n\n<p>Aceast\u0103 Politic\u0103 de confiden\u021bialitate se aplic\u0103 tuturor serviciilor furnizate de noi \u0219i stabile\u0219te modul \u00een care putem colecta, folosi \u0219i dezv\u0103lui informa\u021bii \u00een leg\u0103tur\u0103 cu utilizatorii site-ului. Politica de confiden\u021bialitate a&nbsp;<a href=\"https:\/\/web.archive.org\/web\/20250122233222\/https:\/\/agentia.md\/\">www.agentia.md<\/a>&nbsp;se aplica si pentru serviciile noastre accesate prin intermediul unui dispozitiv mobil, fie prin aplica\u021bii mobile, fie prin intermediul site-ului web optimizat pentru mobil.<\/p>\n\n\n\n<h4 class=\"wp-block-heading\">Scopul utiliz\u0103rii datelor dumneavoastr\u0103 cu caracter personal. Colectarea de informa\u021bii<\/h4>\n\n\n\n<p>Prin furnizarea datelor dumneavoastr\u0103 cu caracter personal, va exprima\u021bi acordul expres \u0219i neechivoc cu privire la utilizarea de c\u0103tre&nbsp;<a href=\"https:\/\/web.archive.org\/web\/20250122233222\/https:\/\/agentia.md\/\">www.agentia.md<\/a>&nbsp;a datelor colectate \u00een urm\u0103toarele scopuri:<\/p>\n\n\n\n<ol style=\"list-style-type:lower-roman\" class=\"wp-block-list\">\n<li>Verificarea identit\u0103\u021bii dvs.;<\/li>\n\n\n\n<li>Verificarea eligibilit\u0103\u021bii dvs. de a v\u0103 \u00eenregistra ca utilizator al site-ului;<\/li>\n\n\n\n<li>Prelucrarea \u00eenregistr\u0103rii dumneavoastr\u0103 ca utilizator, oferindu-v\u0103 un ID de autentificare pentru site \u0219i men\u021binerea \u0219i gestionarea \u00eenregistr\u0103rii dumneavoastr\u0103;<\/li>\n\n\n\n<li>Furnizarea de servicii pentru dumneavoastr\u0103 \u0219i r\u0103spuns la \u00eentreb\u0103rile dumneavoastr\u0103.<\/li>\n\n\n\n<li>Facilitarea comunic\u0103rii pe site \u00eentre utilizatori \u0219i v\u00e2nz\u0103tor;<\/li>\n\n\n\n<li>Pentru a prelua reclama\u021biile \u0219i\/sau sugestiile dumneavoastr\u0103 \u0219i pentru a v\u0103 r\u0103spunde \u00een mod corespunz\u0103tor, caz \u00een care ne vor fi necesare, spre exemplu, numele, num\u0103rul de telefon mobil, adres\u0103 de e-mail \u0219i localitatea de unde suna\u021bi;<\/li>\n\n\n\n<li>Pentru a furniza notific\u0103ri, sondaje, alerte despre produse, comunic\u0103ri \u0219i alte materiale de marketing c\u0103tre dvs. referitoare la bunurile \u0219i serviciile oferite de noi pe site, caz \u00een care ne vor fi necesare, spre exemplu, adresa de e-mail \u0219i numele;<\/li>\n\n\n\n<li>Pentru a va contacta \u00een urma complet\u0103rii formularului de solicitare prest\u0103ri servicii de recrutare \u0219i intermediere a muncii, disponibil pe website, caz \u00een care vor fi necesare, spre exemplu, numele, prenumele, num\u0103rul de telefon \u0219i adresa de e-mail, precum \u0219i detalii legate de \u021bara unde dori\u021bi s\u0103 munci\u021bi, domeniul, perioada, oferta de munc\u0103, etc.<\/li>\n\n\n\n<li>Pentru colectarea informa\u021biilor statistice despre vizitatorii site-ului, caz \u00een care vor fi necesare, spre exemplu, adresele IP, browser, paginile vizualizate, num\u0103rul de sesiuni \u0219i vizitatorii unici.<\/li>\n<\/ol>\n\n\n\n<p>Este obligatoriu ca utilizatorii site-ului s\u0103 furnizeze anumite categorii de date cu caracter personal (a\u0219a cum se specific\u0103 la momentul colect\u0103rii). \u00cen cazul \u00een care utilizatorii nu furnizeaz\u0103 nici o dat\u0103 sau suficiente date personale marcate ca obligatorii, nu vom putea finaliza procesul de \u00eenregistrare a acestuia \u0219i nu le vom putea oferi serviciile noastre.<\/p>\n\n\n\n<p>Datele dumneavoastr\u0103 vor fi p\u0103strate doar at\u00e2ta timp c\u00e2t este necesar pentru a r\u0103spunde scopurilor pentru care au fost colectate sau c\u00e2t impune legea, ulterior urm\u00e2nd ca datele personale s\u0103 fie \u0219terse ori transformate \u00een date anonime, cu excep\u021bia situa\u021biei \u00een care exist\u0103 o dispozi\u021bie legal\u0103 imperativ\u0103 pentru a le p\u0103stra.<\/p>\n\n\n\n<h4 class=\"wp-block-heading\">Drepturile dumneavoastr\u0103<\/h4>\n\n\n\n<p>Conform prevederilor Legii nr. 133\/2011 privind protec\u021bia datelor cu caracter personal, persoanele fizice vizate de prelucrarea datelor cu caracter personal beneficiaz\u0103 de urm\u0103toarele drepturi generale:<\/p>\n\n\n\n<ol style=\"list-style-type:lower-alpha\" class=\"wp-block-list\">\n<li>Dreptul de a fi informat(despre identitatea operatorului, scopul prelucr\u0103rii datelor colectate, destinatarii datelor cu caracter personal);<\/li>\n\n\n\n<li>Dreptul de interven\u021bie asupra datelor (rectificarea, actualizarea, blocarea sau \u0219tergerea datelor cu caracter personal a c\u0103ror prelucrare contravine legii);<\/li>\n\n\n\n<li>Dreptul la opozi\u021bie (dreptul de a se opune oric\u00e2nd din motive \u00eentemeiate, ca s\u0103-i fie prelucrate datele personale);<\/li>\n\n\n\n<li>Dreptul de a se adresa justi\u021biei (orice persoana care a suferit un prejudiciu \u00een urma prelucr\u0103rii datelor sale cu caracter personal sau c\u0103reia i-au fost \u00eenc\u0103lcate drepturile garantate de lege, are dreptul de a sesiza instan\u021ba de judecat\u0103).<\/li>\n<\/ol>\n\n\n\n<p>Pentru a ob\u021bine informa\u021biile indicate mai sus, va pute\u021bi adresa, \u00een scris, pe adresa de email&nbsp;<a href=\"mailto:info@asociatia.md\">info@asociatia.md<\/a>, sau la adresa de coresponden\u021b\u0103 MD-2001, Chi\u0219in\u0103u, str. Ismail, 81\/1, et. 2, tel. 079910050.<\/p>\n\n\n\n<h4 class=\"wp-block-heading\">Persoanele \u00eemputernicite de&nbsp;<a href=\"https:\/\/web.archive.org\/web\/20250122233222\/https:\/\/agentia.md\/\">www.agentia.md<\/a>&nbsp;cu prelucrarea datelor personale<\/h4>\n\n\n\n<p><a href=\"https:\/\/web.archive.org\/web\/20250122233222\/https:\/\/agentia.md\/\">www.agentia.md<\/a>&nbsp;poate utiliza persoane \u00eemputernicite pentru prelucrarea datelor personale precum furnizori de solu\u021bii IT, Marketing, Resurse Umane, precum \u0219i alte domenii de activitate necesare pentru managementul afacerii.&nbsp;<a href=\"https:\/\/web.archive.org\/web\/20250122233222\/https:\/\/agentia.md\/\">www.agentia.md<\/a>&nbsp;va \u00eencheia acorduri pentru prelucrarea datelor cu caracter personal cu toate persoanele \u00eemputernicite cu prelucrarea datelor personale, care sa asigure asumarea \u0219i respectarea obliga\u021biilor de a prelucra datele cu caracter personal (inclusiv obliga\u021bia de a le \u0219terge) \u00een acord deplin cu legile aplicabile.<\/p>\n\n\n\n<h4 class=\"wp-block-heading\">Accesul la date<\/h4>\n\n\n\n<p><a href=\"https:\/\/web.archive.org\/web\/20250122233222\/https:\/\/agentia.md\/\">www.agentia.md<\/a>&nbsp;nu va transfera, vinde sau oferi la schimb datele dumneavoastr\u0103 c\u0103tre ter\u021bi pentru scopuri de marketing.<\/p>\n\n\n\n<h4 class=\"wp-block-heading\">Securitatea datelor dumneavoastr\u0103<\/h4>\n\n\n\n<p><a href=\"https:\/\/web.archive.org\/web\/20250122233222\/https:\/\/agentia.md\/\">www.agentia.md<\/a>&nbsp;a luat m\u0103suri tehnice \u0219i organizatorice pentru asigurarea unui nivel de protec\u021bie \u0219i de securitate adecvat \u00een cadrul opera\u021biunilor efectuate asupra datelor cu caracter personal prin limitarea accesului neautorizat, ori \u00eempotriva pierderii sau manipul\u0103rii neautorizate a datelor.<\/p>\n\n\n\n<h4 class=\"wp-block-heading\">Despre \u201ecookies\u201d<\/h4>\n\n\n\n<p>Website-ul&nbsp;<a href=\"https:\/\/web.archive.org\/web\/20250122233222\/https:\/\/agentia.md\/\">www.agentia.md<\/a>&nbsp;utilizeaz\u0103 \u201ecookie\u201d-uri. Informa\u021biile prezentate \u00een cele ce urmeaz\u0103 sunt menite de a informa utilizatorul \/ vizitatorul despre plasarea, utilizarea \u0219i administrarea \u201ecookie\u201d-urilor folosite de website-ul&nbsp;<a href=\"https:\/\/web.archive.org\/web\/20250122233222\/https:\/\/agentia.md\/\">www.agentia.md<\/a>, motiv pentru care v\u0103 rug\u0103m s\u0103 le citi\u021bi cu aten\u021bie. \u00cen cazul \u00een care informa\u021biile de mai jos nu le considera\u021bi satisf\u0103c\u0103toare, ne pute\u021bi contacta utiliz\u00e2nd urm\u0103toarea adresa de e-mail:&nbsp;<a href=\"mailto:info@asociatia.md\">info@asociatia.md<\/a>. Website-ul nostru folose\u0219te \u201ecookie\u201d-uri pentru a colecta informa\u021bii precum tipul de browser \u0219i sistemul de operare, pagina sursa, denumirea domeniului din care vizitatorul \/ utilizatorul s-a conectat la website-ul&nbsp;<a href=\"https:\/\/web.archive.org\/web\/20250122233222\/https:\/\/agentia.md\/\">www.agentia.md<\/a>, cu scopul de a \u00een\u021belege cum folosesc vizitatorii pagina noastr\u0103 web.<\/p>\n\n\n\n<p>\u201cCookie\u201d-urile ofer\u0103 de\u021bin\u0103torilor de site-uri un feedback important asupra modului cum sunt utilizate site-urile lor de c\u0103tre utilizatori, astfel \u00eenc\u00e2t s\u0103 le poat\u0103 face mai eficiente \u0219i mai accesibile pentru utilizatori precum \u0219i \u00eembun\u0103t\u0103\u021besc eficien\u021ba publicit\u0103\u021bii online.<\/p>\n\n\n\n<p>Un \u201ecookie\u201d reprezint\u0103 o cantitate mic\u0103 de date care este trimis\u0103 \u00een browser \u0219i stocat\u0103 pe hard disk-ul computerului. Un cookie poate fi trimis pe hard disk-ul computerului dumneavoastr\u0103 numai dac\u0103 accesa\u021bi site-ul folosind un computer. Dac\u0103 nu dezactiva\u021bi sau nu \u0219terge\u021bi cookie-ul, de fiecare dat\u0103 c\u00e2nd utiliza\u021bi acela\u0219i computer pentru a accesa site-ul, serverele noastre web vor fi notificate cu privire la vizita dumneavoastr\u0103 online.<\/p>\n\n\n\n<p>Pute\u021bi decide dac\u0103 va fi sau nu acceptat un cookie prin configurarea browserului care este instalat \u00een computerul pe care \u00eel utiliza\u021bi pentru a accesa site-ul. Set\u00e2nd preferin\u021bele \u00een browser, po\u021bi accepta toate cookie-urile sau po\u021bi alege s\u0103 fii notificat c\u00e2nd este trimis un cookie sau po\u021bi alege s\u0103 respingi toate cookie-urile. Dac\u0103 respinge\u021bi toate modulele cookie aleg\u00e2nd func\u021bia de dezactivare a modulelor cookie din browser-ul dumneavoastr\u0103, este posibil s\u0103 vi se solicite s\u0103 reintroduce\u021bi mai des informa\u021biile de pe site \u0219i este posibil ca anumite caracteristici ale site-ului s\u0103 nu fie disponibile.<\/p>\n\n\n\n<h4 class=\"wp-block-heading\">Minori<\/h4>\n\n\n\n<p>Site-ul \u0219i con\u021binutul acestuia nu este destinat minorilor, celor sub 18 ani \u0219i nu inten\u021bion\u0103m s\u0103 vindem niciunul dintre produsele sau serviciile noastre minorilor. Cu toate acestea, nu avem nicio modalitate de a distinge v\u00e2rsta persoanelor care acceseaz\u0103 Site-ul nostru. Dac\u0103 un minor ne-a furnizat informa\u021bii personale f\u0103r\u0103 consim\u021b\u0103m\u00e2ntul p\u0103rintelui sau tutorelui, p\u0103rintele sau tutorele trebuie s\u0103 contacteze Departamentul nostru Juridic la adresa de e-mail&nbsp;<a href=\"mailto:info@asociatia.md\">info@asociatia.md<\/a>, pentru a elimina informa\u021biile.<\/p>\n\n\n\n<h4 class=\"wp-block-heading\">Modific\u0103ri ale acestei politici de confiden\u021bialitate<\/h4>\n\n\n\n<p>Orice modificare a acestei Politici de confiden\u021bialitate va fi comunicat\u0103 de noi, public\u00e2nd o Politic\u0103 de confiden\u021bialitate modificat\u0103 \u0219i reformulat\u0103 pe site. Odat\u0103 postat\u0103 pe site, noua Politic\u0103 de confiden\u021bialitate va intra \u00een vigoare imediat. Sunte\u021bi de acord c\u0103 orice informa\u021bii pe care le de\u021binem despre dvs. (a\u0219a cum este descris \u00een aceast\u0103 Politic\u0103 de confiden\u021bialitate \u0219i indiferent dac\u0103 este sau nu colectat\u0103 \u00eenainte sau dup\u0103 ce noua Politic\u0103 de confiden\u021bialitate a intrat \u00een vigoare) va fi guvernat\u0103 de cea mai recent\u0103 versiune a Politicii de confiden\u021bialitate.<\/p>\n\n\n\n<h4 class=\"wp-block-heading\">Feedbackul Dvs.<\/h4>\n\n\n\n<p>Salut\u0103m contribu\u021bia dumneavoastr\u0103 cu privire la Politica noastr\u0103 de confiden\u021bialitate \u0219i orice comentarii cu privire la serviciile pe care vi le oferim. Ne pute\u021bi trimite comentariile \u0219i r\u0103spunsurile dvs. prin po\u0219<\/p>\n","protected":false},"excerpt":{"rendered":"<p>Preambul Prezenta Politic\u0103 de confiden\u021bialitate vizeaz\u0103 clien\u021bii&nbsp;www.agentia.md, adic\u0103 utilizatorii \u0219i vizitatorii serviciilor noastre online. Prevederile prezentei Politici se vor interpreta \u00eempreuna cu dispozi\u021biile men\u021bionate \u00een Termeni \u0219i Condi\u021bii, disponibile pe website-ul&nbsp;www.agentia.md.&nbsp;www.agentia.md&nbsp;recunoa\u0219te importan\u021ba men\u021binerii confiden\u021bialit\u0103\u021bii informa\u021biilor personale si depune eforturi pentru a asigura protec\u021bia confiden\u021bialit\u0103\u021bii datelor dumneavoastr\u0103 personale atunci c\u00e2nd utiliza\u021bi serviciile noastre. \u00cen acest sens [&hellip;]<\/p>\n","protected":false},"author":1,"featured_media":0,"parent":0,"menu_order":0,"comment_status":"closed","ping_status":"open","template":"","meta":{"inline_featured_image":false,"footnotes":""},"class_list":["post-1130","page","type-page","status-publish","hentry"],"yoast_head":"<!-- This site is optimized with the Yoast SEO plugin v27.5 - https:\/\/yoast.com\/product\/yoast-seo-wordpress\/ -->\n<title>\u041f\u043e\u043b\u0438\u0442\u0438\u043a\u0430 \u043a\u043e\u043d\u0444\u0438\u0434\u0435\u043d\u0446\u0438\u0430\u043b\u044c\u043d\u043e\u0441\u0442\u0438 \u0438 cookies | Agen\u021bia Muncii<\/title>\n<meta name=\"robots\" content=\"index, follow, max-snippet:-1, max-image-preview:large, max-video-preview:-1\" \/>\n<link rel=\"canonical\" href=\"https:\/\/agentia.md\/ru\/politika-konfidenczialnosti-i-cookies\/\" \/>\n<meta property=\"og:locale\" content=\"ru_RU\" \/>\n<meta property=\"og:type\" content=\"article\" \/>\n<meta property=\"og:title\" content=\"\u041f\u043e\u043b\u0438\u0442\u0438\u043a\u0430 \u043a\u043e\u043d\u0444\u0438\u0434\u0435\u043d\u0446\u0438\u0430\u043b\u044c\u043d\u043e\u0441\u0442\u0438 \u0438 cookies | Agen\u021bia Muncii\" \/>\n<meta property=\"og:description\" content=\"Preambul Prezenta Politic\u0103 de confiden\u021bialitate vizeaz\u0103 clien\u021bii&nbsp;www.agentia.md, adic\u0103 utilizatorii \u0219i vizitatorii serviciilor noastre online. Prevederile prezentei Politici se vor interpreta \u00eempreuna cu dispozi\u021biile men\u021bionate \u00een Termeni \u0219i Condi\u021bii, disponibile pe website-ul&nbsp;www.agentia.md.&nbsp;www.agentia.md&nbsp;recunoa\u0219te importan\u021ba men\u021binerii confiden\u021bialit\u0103\u021bii informa\u021biilor personale si depune eforturi pentru a asigura protec\u021bia confiden\u021bialit\u0103\u021bii datelor dumneavoastr\u0103 personale atunci c\u00e2nd utiliza\u021bi serviciile noastre. \u00cen acest sens [&hellip;]\" \/>\n<meta property=\"og:url\" content=\"https:\/\/agentia.md\/ru\/politika-konfidenczialnosti-i-cookies\/\" \/>\n<meta property=\"og:site_name\" content=\"Agen\u021bia Muncii\" \/>\n<meta property=\"article:modified_time\" content=\"2025-05-30T10:52:54+00:00\" \/>\n<meta property=\"og:image\" content=\"https:\/\/agentia.md\/wp-content\/uploads\/2025\/06\/share_image.png\" \/>\n\t<meta property=\"og:image:width\" content=\"1200\" \/>\n\t<meta property=\"og:image:height\" content=\"675\" \/>\n\t<meta property=\"og:image:type\" content=\"image\/png\" \/>\n<meta name=\"twitter:card\" content=\"summary_large_image\" \/>\n<meta name=\"twitter:label1\" content=\"\u041f\u0440\u0438\u043c\u0435\u0440\u043d\u043e\u0435 \u0432\u0440\u0435\u043c\u044f \u0434\u043b\u044f \u0447\u0442\u0435\u043d\u0438\u044f\" \/>\n\t<meta name=\"twitter:data1\" content=\"7 \u043c\u0438\u043d\u0443\u0442\" \/>\n<!-- \/ Yoast SEO plugin. -->","yoast_head_json":{"title":"\u041f\u043e\u043b\u0438\u0442\u0438\u043a\u0430 \u043a\u043e\u043d\u0444\u0438\u0434\u0435\u043d\u0446\u0438\u0430\u043b\u044c\u043d\u043e\u0441\u0442\u0438 \u0438 cookies | Agen\u021bia Muncii","robots":{"index":"index","follow":"follow","max-snippet":"max-snippet:-1","max-image-preview":"max-image-preview:large","max-video-preview":"max-video-preview:-1"},"canonical":"https:\/\/agentia.md\/ru\/politika-konfidenczialnosti-i-cookies\/","og_locale":"ru_RU","og_type":"article","og_title":"\u041f\u043e\u043b\u0438\u0442\u0438\u043a\u0430 \u043a\u043e\u043d\u0444\u0438\u0434\u0435\u043d\u0446\u0438\u0430\u043b\u044c\u043d\u043e\u0441\u0442\u0438 \u0438 cookies | Agen\u021bia Muncii","og_description":"Preambul Prezenta Politic\u0103 de confiden\u021bialitate vizeaz\u0103 clien\u021bii&nbsp;www.agentia.md, adic\u0103 utilizatorii \u0219i vizitatorii serviciilor noastre online. Prevederile prezentei Politici se vor interpreta \u00eempreuna cu dispozi\u021biile men\u021bionate \u00een Termeni \u0219i Condi\u021bii, disponibile pe website-ul&nbsp;www.agentia.md.&nbsp;www.agentia.md&nbsp;recunoa\u0219te importan\u021ba men\u021binerii confiden\u021bialit\u0103\u021bii informa\u021biilor personale si depune eforturi pentru a asigura protec\u021bia confiden\u021bialit\u0103\u021bii datelor dumneavoastr\u0103 personale atunci c\u00e2nd utiliza\u021bi serviciile noastre. \u00cen acest sens [&hellip;]","og_url":"https:\/\/agentia.md\/ru\/politika-konfidenczialnosti-i-cookies\/","og_site_name":"Agen\u021bia Muncii","article_modified_time":"2025-05-30T10:52:54+00:00","og_image":[{"width":1200,"height":675,"url":"https:\/\/agentia.md\/wp-content\/uploads\/2025\/06\/share_image.png","type":"image\/png"}],"twitter_card":"summary_large_image","twitter_misc":{"\u041f\u0440\u0438\u043c\u0435\u0440\u043d\u043e\u0435 \u0432\u0440\u0435\u043c\u044f \u0434\u043b\u044f \u0447\u0442\u0435\u043d\u0438\u044f":"7 \u043c\u0438\u043d\u0443\u0442"},"schema":{"@context":"https:\/\/schema.org","@graph":[{"@type":"WebPage","@id":"https:\/\/agentia.md\/ru\/politika-konfidenczialnosti-i-cookies\/","url":"https:\/\/agentia.md\/ru\/politika-konfidenczialnosti-i-cookies\/","name":"\u041f\u043e\u043b\u0438\u0442\u0438\u043a\u0430 \u043a\u043e\u043d\u0444\u0438\u0434\u0435\u043d\u0446\u0438\u0430\u043b\u044c\u043d\u043e\u0441\u0442\u0438 \u0438 cookies | Agen\u021bia Muncii","isPartOf":{"@id":"https:\/\/agentia.md\/#website"},"datePublished":"2025-05-30T10:52:53+00:00","dateModified":"2025-05-30T10:52:54+00:00","breadcrumb":{"@id":"https:\/\/agentia.md\/ru\/politika-konfidenczialnosti-i-cookies\/#breadcrumb"},"inLanguage":"ru-RU","potentialAction":[{"@type":"ReadAction","target":["https:\/\/agentia.md\/ru\/politika-konfidenczialnosti-i-cookies\/"]}]},{"@type":"BreadcrumbList","@id":"https:\/\/agentia.md\/ru\/politika-konfidenczialnosti-i-cookies\/#breadcrumb","itemListElement":[{"@type":"ListItem","position":1,"name":"Prima pagin\u0103","item":"https:\/\/agentia.md\/ru\/"},{"@type":"ListItem","position":2,"name":"\u041f\u043e\u043b\u0438\u0442\u0438\u043a\u0430 \u043a\u043e\u043d\u0444\u0438\u0434\u0435\u043d\u0446\u0438\u0430\u043b\u044c\u043d\u043e\u0441\u0442\u0438 \u0438 cookies"}]},{"@type":"WebSite","@id":"https:\/\/agentia.md\/#website","url":"https:\/\/agentia.md\/","name":"Agen\u021bia Muncii","description":"Agen\u021bia Muncii ofer\u0103 locuri de munc\u0103 legale \u00een Europa pentru lucr\u0103tori din diverse domenii. Lucr\u0103m cu angajatori direc\u021bi din Fran\u021ba, Germania, Olanda, Irlanda, Polonia, Slovacia, Cehia, Ungaria.","potentialAction":[{"@type":"SearchAction","target":{"@type":"EntryPoint","urlTemplate":"https:\/\/agentia.md\/?s={search_term_string}"},"query-input":{"@type":"PropertyValueSpecification","valueRequired":true,"valueName":"search_term_string"}}],"inLanguage":"ru-RU"}]}},"_links":{"self":[{"href":"https:\/\/agentia.md\/ru\/wp-json\/wp\/v2\/pages\/1130","targetHints":{"allow":["GET"]}}],"collection":[{"href":"https:\/\/agentia.md\/ru\/wp-json\/wp\/v2\/pages"}],"about":[{"href":"https:\/\/agentia.md\/ru\/wp-json\/wp\/v2\/types\/page"}],"author":[{"embeddable":true,"href":"https:\/\/agentia.md\/ru\/wp-json\/wp\/v2\/users\/1"}],"replies":[{"embeddable":true,"href":"https:\/\/agentia.md\/ru\/wp-json\/wp\/v2\/comments?post=1130"}],"version-history":[{"count":1,"href":"https:\/\/agentia.md\/ru\/wp-json\/wp\/v2\/pages\/1130\/revisions"}],"predecessor-version":[{"id":1131,"href":"https:\/\/agentia.md\/ru\/wp-json\/wp\/v2\/pages\/1130\/revisions\/1131"}],"wp:attachment":[{"href":"https:\/\/agentia.md\/ru\/wp-json\/wp\/v2\/media?parent=1130"}],"curies":[{"name":"wp","href":"https:\/\/api.w.org\/{rel}","templated":true}]}}