{"id":46,"date":"2026-04-03T11:11:52","date_gmt":"2026-04-03T08:11:52","guid":{"rendered":"https:\/\/agentia.md\/?page_id=46"},"modified":"2026-04-03T11:11:54","modified_gmt":"2026-04-03T08:11:54","slug":"home","status":"publish","type":"page","link":"https:\/\/agentia.md\/ru\/","title":{"rendered":"Home"},"content":{"rendered":"","protected":false},"excerpt":{"rendered":"","protected":false},"author":1,"featured_media":0,"parent":0,"menu_order":0,"comment_status":"closed","ping_status":"closed","template":"","meta":{"inline_featured_image":false,"footnotes":""},"class_list":["post-46","page","type-page","status-publish","hentry"],"yoast_head":"<!-- This site is optimized with the Yoast SEO plugin v27.5 - https:\/\/yoast.com\/product\/yoast-seo-wordpress\/ -->\n<title>\u0420\u0430\u0431\u043e\u0442\u0430 \u0432 \u0415\u0432\u0440\u043e\u043f\u0435 - \u0412\u0430\u0448 \u043d\u0430\u0434\u0435\u0436\u043d\u044b\u0439 \u043f\u0430\u0440\u0442\u043d\u0435\u0440 | Agen\u021bia Muncii<\/title>\n<meta name=\"description\" content=\"\u0418\u0449\u0435\u0442\u0435 \u0441\u0442\u0430\u0431\u0438\u043b\u044c\u043d\u0443\u044e \u0438 \u043b\u0435\u0433\u0430\u043b\u044c\u043d\u0443\u044e \u0440\u0430\u0431\u043e\u0442\u0443 \u0432 \u0415\u0432\u0440\u043e\u043f\u0435? \u041c\u044b \u043f\u043e\u043c\u043e\u0436\u0435\u043c \u0432\u0430\u043c \u043d\u0430\u0439\u0442\u0438 \u0438\u0434\u0435\u0430\u043b\u044c\u043d\u0443\u044e \u0432\u0430\u043a\u0430\u043d\u0441\u0438\u044e \u0434\u043b\u044f \u0440\u0430\u0431\u043e\u0442\u044b \u0437\u0430 \u0433\u0440\u0430\u043d\u0438\u0446\u0435\u0439 \u0432\u0441\u0435\u0433\u043e \u0437\u0430 30 \u043c\u0438\u043d\u0443\u0442!\" \/>\n<meta name=\"robots\" content=\"index, follow, max-snippet:-1, max-image-preview:large, max-video-preview:-1\" \/>\n<link rel=\"canonical\" href=\"https:\/\/agentia.md\/ru\/\" \/>\n<meta property=\"og:locale\" content=\"ru_RU\" \/>\n<meta property=\"og:type\" content=\"article\" \/>\n<meta property=\"og:title\" content=\"\u0420\u0430\u0431\u043e\u0442\u0430 \u0432 \u0415\u0432\u0440\u043e\u043f\u0435 - \u0412\u0430\u0448 \u043d\u0430\u0434\u0435\u0436\u043d\u044b\u0439 \u043f\u0430\u0440\u0442\u043d\u0435\u0440 | Agen\u021bia Muncii\" \/>\n<meta property=\"og:description\" content=\"\u0418\u0449\u0435\u0442\u0435 \u0441\u0442\u0430\u0431\u0438\u043b\u044c\u043d\u0443\u044e \u0438 \u043b\u0435\u0433\u0430\u043b\u044c\u043d\u0443\u044e \u0440\u0430\u0431\u043e\u0442\u0443 \u0432 \u0415\u0432\u0440\u043e\u043f\u0435? \u041c\u044b \u043f\u043e\u043c\u043e\u0436\u0435\u043c \u0432\u0430\u043c \u043d\u0430\u0439\u0442\u0438 \u0438\u0434\u0435\u0430\u043b\u044c\u043d\u0443\u044e \u0432\u0430\u043a\u0430\u043d\u0441\u0438\u044e \u0434\u043b\u044f \u0440\u0430\u0431\u043e\u0442\u044b \u0437\u0430 \u0433\u0440\u0430\u043d\u0438\u0446\u0435\u0439 \u0432\u0441\u0435\u0433\u043e \u0437\u0430 30 \u043c\u0438\u043d\u0443\u0442!\" \/>\n<meta property=\"og:url\" content=\"https:\/\/agentia.md\/ru\/\" \/>\n<meta property=\"og:site_name\" content=\"Agen\u021bia Muncii\" \/>\n<meta property=\"article:modified_time\" content=\"2026-04-03T08:11:54+00:00\" \/>\n<meta property=\"og:image\" content=\"https:\/\/agentia.md\/wp-content\/uploads\/2025\/06\/share_image.png\" \/>\n\t<meta property=\"og:image:width\" content=\"1200\" \/>\n\t<meta property=\"og:image:height\" content=\"675\" \/>\n\t<meta property=\"og:image:type\" content=\"image\/png\" \/>\n<meta name=\"twitter:card\" content=\"summary_large_image\" \/>\n<!-- \/ Yoast SEO plugin. -->","yoast_head_json":{"title":"\u0420\u0430\u0431\u043e\u0442\u0430 \u0432 \u0415\u0432\u0440\u043e\u043f\u0435 - \u0412\u0430\u0448 \u043d\u0430\u0434\u0435\u0436\u043d\u044b\u0439 \u043f\u0430\u0440\u0442\u043d\u0435\u0440 | Agen\u021bia Muncii","description":"\u0418\u0449\u0435\u0442\u0435 \u0441\u0442\u0430\u0431\u0438\u043b\u044c\u043d\u0443\u044e \u0438 \u043b\u0435\u0433\u0430\u043b\u044c\u043d\u0443\u044e \u0440\u0430\u0431\u043e\u0442\u0443 \u0432 \u0415\u0432\u0440\u043e\u043f\u0435? \u041c\u044b \u043f\u043e\u043c\u043e\u0436\u0435\u043c \u0432\u0430\u043c \u043d\u0430\u0439\u0442\u0438 \u0438\u0434\u0435\u0430\u043b\u044c\u043d\u0443\u044e \u0432\u0430\u043a\u0430\u043d\u0441\u0438\u044e \u0434\u043b\u044f \u0440\u0430\u0431\u043e\u0442\u044b \u0437\u0430 \u0433\u0440\u0430\u043d\u0438\u0446\u0435\u0439 \u0432\u0441\u0435\u0433\u043e \u0437\u0430 30 \u043c\u0438\u043d\u0443\u0442!","robots":{"index":"index","follow":"follow","max-snippet":"max-snippet:-1","max-image-preview":"max-image-preview:large","max-video-preview":"max-video-preview:-1"},"canonical":"https:\/\/agentia.md\/ru\/","og_locale":"ru_RU","og_type":"article","og_title":"\u0420\u0430\u0431\u043e\u0442\u0430 \u0432 \u0415\u0432\u0440\u043e\u043f\u0435 - \u0412\u0430\u0448 \u043d\u0430\u0434\u0435\u0436\u043d\u044b\u0439 \u043f\u0430\u0440\u0442\u043d\u0435\u0440 | Agen\u021bia Muncii","og_description":"\u0418\u0449\u0435\u0442\u0435 \u0441\u0442\u0430\u0431\u0438\u043b\u044c\u043d\u0443\u044e \u0438 \u043b\u0435\u0433\u0430\u043b\u044c\u043d\u0443\u044e \u0440\u0430\u0431\u043e\u0442\u0443 \u0432 \u0415\u0432\u0440\u043e\u043f\u0435? \u041c\u044b \u043f\u043e\u043c\u043e\u0436\u0435\u043c \u0432\u0430\u043c \u043d\u0430\u0439\u0442\u0438 \u0438\u0434\u0435\u0430\u043b\u044c\u043d\u0443\u044e \u0432\u0430\u043a\u0430\u043d\u0441\u0438\u044e \u0434\u043b\u044f \u0440\u0430\u0431\u043e\u0442\u044b \u0437\u0430 \u0433\u0440\u0430\u043d\u0438\u0446\u0435\u0439 \u0432\u0441\u0435\u0433\u043e \u0437\u0430 30 \u043c\u0438\u043d\u0443\u0442!","og_url":"https:\/\/agentia.md\/ru\/","og_site_name":"Agen\u021bia Muncii","article_modified_time":"2026-04-03T08:11:54+00:00","og_image":[{"width":1200,"height":675,"url":"https:\/\/agentia.md\/wp-content\/uploads\/2025\/06\/share_image.png","type":"image\/png"}],"twitter_card":"summary_large_image","schema":{"@context":"https:\/\/schema.org","@graph":[{"@type":"WebPage","@id":"https:\/\/agentia.md\/ru\/","url":"https:\/\/agentia.md\/ru\/","name":"\u0420\u0430\u0431\u043e\u0442\u0430 \u0432 \u0415\u0432\u0440\u043e\u043f\u0435 - \u0412\u0430\u0448 \u043d\u0430\u0434\u0435\u0436\u043d\u044b\u0439 \u043f\u0430\u0440\u0442\u043d\u0435\u0440 | Agen\u021bia Muncii","isPartOf":{"@id":"https:\/\/agentia.md\/#website"},"datePublished":"2026-04-03T08:11:52+00:00","dateModified":"2026-04-03T08:11:54+00:00","description":"\u0418\u0449\u0435\u0442\u0435 \u0441\u0442\u0430\u0431\u0438\u043b\u044c\u043d\u0443\u044e \u0438 \u043b\u0435\u0433\u0430\u043b\u044c\u043d\u0443\u044e \u0440\u0430\u0431\u043e\u0442\u0443 \u0432 \u0415\u0432\u0440\u043e\u043f\u0435? \u041c\u044b \u043f\u043e\u043c\u043e\u0436\u0435\u043c \u0432\u0430\u043c \u043d\u0430\u0439\u0442\u0438 \u0438\u0434\u0435\u0430\u043b\u044c\u043d\u0443\u044e \u0432\u0430\u043a\u0430\u043d\u0441\u0438\u044e \u0434\u043b\u044f \u0440\u0430\u0431\u043e\u0442\u044b \u0437\u0430 \u0433\u0440\u0430\u043d\u0438\u0446\u0435\u0439 \u0432\u0441\u0435\u0433\u043e \u0437\u0430 30 \u043c\u0438\u043d\u0443\u0442!","breadcrumb":{"@id":"https:\/\/agentia.md\/ru\/#breadcrumb"},"inLanguage":"ru-RU","potentialAction":[{"@type":"ReadAction","target":["https:\/\/agentia.md\/ru\/"]}]},{"@type":"BreadcrumbList","@id":"https:\/\/agentia.md\/ru\/#breadcrumb","itemListElement":[{"@type":"ListItem","position":1,"name":"Prima pagin\u0103","item":"https:\/\/agentia.md\/ru\/"},{"@type":"ListItem","position":2,"name":"Home"}]},{"@type":"WebSite","@id":"https:\/\/agentia.md\/#website","url":"https:\/\/agentia.md\/","name":"Agen\u021bia Muncii","description":"Agen\u021bia Muncii ofer\u0103 locuri de munc\u0103 legale \u00een Europa pentru lucr\u0103tori din diverse domenii. Lucr\u0103m cu angajatori direc\u021bi din Fran\u021ba, Germania, Olanda, Irlanda, Polonia, Slovacia, Cehia, Ungaria.","potentialAction":[{"@type":"SearchAction","target":{"@type":"EntryPoint","urlTemplate":"https:\/\/agentia.md\/?s={search_term_string}"},"query-input":{"@type":"PropertyValueSpecification","valueRequired":true,"valueName":"search_term_string"}}],"inLanguage":"ru-RU"}]}},"_links":{"self":[{"href":"https:\/\/agentia.md\/ru\/wp-json\/wp\/v2\/pages\/46","targetHints":{"allow":["GET"]}}],"collection":[{"href":"https:\/\/agentia.md\/ru\/wp-json\/wp\/v2\/pages"}],"about":[{"href":"https:\/\/agentia.md\/ru\/wp-json\/wp\/v2\/types\/page"}],"author":[{"embeddable":true,"href":"https:\/\/agentia.md\/ru\/wp-json\/wp\/v2\/users\/1"}],"replies":[{"embeddable":true,"href":"https:\/\/agentia.md\/ru\/wp-json\/wp\/v2\/comments?post=46"}],"version-history":[{"count":29,"href":"https:\/\/agentia.md\/ru\/wp-json\/wp\/v2\/pages\/46\/revisions"}],"predecessor-version":[{"id":1640,"href":"https:\/\/agentia.md\/ru\/wp-json\/wp\/v2\/pages\/46\/revisions\/1640"}],"wp:attachment":[{"href":"https:\/\/agentia.md\/ru\/wp-json\/wp\/v2\/media?parent=46"}],"curies":[{"name":"wp","href":"https:\/\/api.w.org\/{rel}","templated":true}]}}