{"id":685,"date":"2025-03-31T10:47:19","date_gmt":"2025-03-31T07:47:19","guid":{"rendered":"https:\/\/agentia.md\/?page_id=685"},"modified":"2025-03-31T10:47:20","modified_gmt":"2025-03-31T07:47:20","slug":"kontakty","status":"publish","type":"page","link":"https:\/\/agentia.md\/ru\/kontakty\/","title":{"rendered":"\u041a\u043e\u043d\u0442\u0430\u043a\u0442\u044b"},"content":{"rendered":"","protected":false},"excerpt":{"rendered":"","protected":false},"author":1,"featured_media":0,"parent":0,"menu_order":0,"comment_status":"closed","ping_status":"closed","template":"templates\/contacts.php","meta":{"inline_featured_image":false,"footnotes":""},"class_list":["post-685","page","type-page","status-publish","hentry"],"yoast_head":"<!-- This site is optimized with the Yoast SEO plugin v27.5 - https:\/\/yoast.com\/product\/yoast-seo-wordpress\/ -->\n<title>\u041a\u043e\u043d\u0442\u0430\u043a\u0442\u044b | Agen\u021bia Muncii<\/title>\n<meta name=\"robots\" content=\"index, follow, max-snippet:-1, max-image-preview:large, max-video-preview:-1\" \/>\n<link rel=\"canonical\" href=\"https:\/\/agentia.md\/ru\/kontakty\/\" \/>\n<meta property=\"og:locale\" content=\"ru_RU\" \/>\n<meta property=\"og:type\" content=\"article\" \/>\n<meta property=\"og:title\" content=\"\u041a\u043e\u043d\u0442\u0430\u043a\u0442\u044b | Agen\u021bia Muncii\" \/>\n<meta property=\"og:url\" content=\"https:\/\/agentia.md\/ru\/kontakty\/\" \/>\n<meta property=\"og:site_name\" content=\"Agen\u021bia Muncii\" \/>\n<meta property=\"article:modified_time\" content=\"2025-03-31T07:47:20+00:00\" \/>\n<meta property=\"og:image\" content=\"https:\/\/agentia.md\/wp-content\/uploads\/2025\/06\/share_image.png\" \/>\n\t<meta property=\"og:image:width\" content=\"1200\" \/>\n\t<meta property=\"og:image:height\" content=\"675\" \/>\n\t<meta property=\"og:image:type\" content=\"image\/png\" \/>\n<meta name=\"twitter:card\" content=\"summary_large_image\" \/>\n<!-- \/ Yoast SEO plugin. -->","yoast_head_json":{"title":"\u041a\u043e\u043d\u0442\u0430\u043a\u0442\u044b | Agen\u021bia Muncii","robots":{"index":"index","follow":"follow","max-snippet":"max-snippet:-1","max-image-preview":"max-image-preview:large","max-video-preview":"max-video-preview:-1"},"canonical":"https:\/\/agentia.md\/ru\/kontakty\/","og_locale":"ru_RU","og_type":"article","og_title":"\u041a\u043e\u043d\u0442\u0430\u043a\u0442\u044b | Agen\u021bia Muncii","og_url":"https:\/\/agentia.md\/ru\/kontakty\/","og_site_name":"Agen\u021bia Muncii","article_modified_time":"2025-03-31T07:47:20+00:00","og_image":[{"width":1200,"height":675,"url":"https:\/\/agentia.md\/wp-content\/uploads\/2025\/06\/share_image.png","type":"image\/png"}],"twitter_card":"summary_large_image","schema":{"@context":"https:\/\/schema.org","@graph":[{"@type":"WebPage","@id":"https:\/\/agentia.md\/ru\/kontakty\/","url":"https:\/\/agentia.md\/ru\/kontakty\/","name":"\u041a\u043e\u043d\u0442\u0430\u043a\u0442\u044b | Agen\u021bia Muncii","isPartOf":{"@id":"https:\/\/agentia.md\/#website"},"datePublished":"2025-03-31T07:47:19+00:00","dateModified":"2025-03-31T07:47:20+00:00","breadcrumb":{"@id":"https:\/\/agentia.md\/ru\/kontakty\/#breadcrumb"},"inLanguage":"ru-RU","potentialAction":[{"@type":"ReadAction","target":["https:\/\/agentia.md\/ru\/kontakty\/"]}]},{"@type":"BreadcrumbList","@id":"https:\/\/agentia.md\/ru\/kontakty\/#breadcrumb","itemListElement":[{"@type":"ListItem","position":1,"name":"Prima pagin\u0103","item":"https:\/\/agentia.md\/ru\/"},{"@type":"ListItem","position":2,"name":"\u041a\u043e\u043d\u0442\u0430\u043a\u0442\u044b"}]},{"@type":"WebSite","@id":"https:\/\/agentia.md\/#website","url":"https:\/\/agentia.md\/","name":"Agen\u021bia Muncii","description":"Agen\u021bia Muncii ofer\u0103 locuri de munc\u0103 legale \u00een Europa pentru lucr\u0103tori din diverse domenii. Lucr\u0103m cu angajatori direc\u021bi din Fran\u021ba, Germania, Olanda, Irlanda, Polonia, Slovacia, Cehia, Ungaria.","potentialAction":[{"@type":"SearchAction","target":{"@type":"EntryPoint","urlTemplate":"https:\/\/agentia.md\/?s={search_term_string}"},"query-input":{"@type":"PropertyValueSpecification","valueRequired":true,"valueName":"search_term_string"}}],"inLanguage":"ru-RU"}]}},"_links":{"self":[{"href":"https:\/\/agentia.md\/ru\/wp-json\/wp\/v2\/pages\/685","targetHints":{"allow":["GET"]}}],"collection":[{"href":"https:\/\/agentia.md\/ru\/wp-json\/wp\/v2\/pages"}],"about":[{"href":"https:\/\/agentia.md\/ru\/wp-json\/wp\/v2\/types\/page"}],"author":[{"embeddable":true,"href":"https:\/\/agentia.md\/ru\/wp-json\/wp\/v2\/users\/1"}],"replies":[{"embeddable":true,"href":"https:\/\/agentia.md\/ru\/wp-json\/wp\/v2\/comments?post=685"}],"version-history":[{"count":1,"href":"https:\/\/agentia.md\/ru\/wp-json\/wp\/v2\/pages\/685\/revisions"}],"predecessor-version":[{"id":686,"href":"https:\/\/agentia.md\/ru\/wp-json\/wp\/v2\/pages\/685\/revisions\/686"}],"wp:attachment":[{"href":"https:\/\/agentia.md\/ru\/wp-json\/wp\/v2\/media?parent=685"}],"curies":[{"name":"wp","href":"https:\/\/api.w.org\/{rel}","templated":true}]}}